{"id":318,"date":"2024-07-04T13:13:00","date_gmt":"2024-07-04T11:13:00","guid":{"rendered":"https:\/\/www.restaurantlapeonia.fr\/politique-de-confidentialite\/"},"modified":"2024-07-18T23:15:22","modified_gmt":"2024-07-18T21:15:22","slug":"politica-sulla-riservatezza","status":"publish","type":"page","link":"https:\/\/www.restaurantlapeonia.fr\/it\/politica-sulla-riservatezza\/","title":{"rendered":"Politica sulla riservatezza"},"content":{"rendered":"\n<h2 class=\"wp-block-heading\">Finalit\u00e0 del trattamento<\/h2>\n\n\n\n<p>I dati personali raccolti sul sito https:\/\/www.restaurant-lapeonia.fr ti consentono di gestire i tuoi contatti con La Peonia, titolare del trattamento.<\/p>\n\n\n\n<p>In una logica di rispetto della vita privata dei suoi Utenti, La Peonia si impegna a garantire che il trattamento dei dati personali sia conforme alla legge sulla protezione dei dati n\u00b078-17 del 6 gennaio 1978, relativa all&#8217;informatica, ai file e alle libert\u00e0. e il Regolamento Europeo n. 2016\/679 del Parlamento Europeo e del Consiglio del 27 aprile 2016 relativo alla protezione delle persone fisiche con riguardo al trattamento dei dati personali e alla libera circolazione di tali dati, afferma GDPR.<\/p>\n\n\n\n<p>La raccolta dei Dati Personali \u00e8 limitata a ci\u00f2 che ci consente:<\/p>\n\n\n\n<p>Per conoscere le tue domande e le tue esigenze, quando lasci un commento tramite un modulo di contatto messo a disposizione;<\/p>\n\n\n\n<p>Per misurare il pubblico e l&#8217;utilizzo del nostro sito<\/p>\n\n\n\n<p>Le informazioni raccolte sono oggetto di trattamento informatico per il raggiungimento di tali finalit\u00e0.<\/p>\n\n\n\n<h2 class=\"wp-block-heading\">Dati Personali raccolti<\/h2>\n\n\n\n<p>Al momento della raccolta dei Dati Personali, l&#8217;utente viene informato se alcuni Dati Personali devono essere forniti o se sono facoltativi. I dati identificati da un asterisco sono obbligatori.<\/p>\n\n\n\n<p>La raccolta pu\u00f2 riguardare:<\/p>\n\n\n\n<p>La tua identificazione: nome, nome, email e numero di telefono<\/p>\n\n\n\n<p>Le tue informazioni professionali: Organizzazione, posizione<\/p>\n\n\n\n<p>Il tuo bisogno<\/p>\n\n\n\n<p>I tuoi dati di connessione, navigazione e accesso ai contenuti del Sito,<\/p>\n\n\n\n<h2 class=\"wp-block-heading\">Conservazione dei dati personali<\/h2>\n\n\n\n<p>I tuoi Dati Personali saranno conservati per il periodo necessario alle finalit\u00e0. Saranno conservati per un periodo massimo di 18 anni senza alcun contatto da parte tua con La Peonia.<\/p>\n\n\n\n<h2 class=\"wp-block-heading\">Destinatari dei dati personali<\/h2>\n\n\n\n<p>I destinatari dei dati raccolti sono:<\/p>\n\n\n\n<p>Lo staff di La Peonia incaricato di rispondere alle vostre richieste di contatto<\/p>\n\n\n\n<p>Lo staff La Peonia incaricato di rispondere alle vostre prenotazioni<\/p>\n\n\n\n<p>Personale de La Peonia incaricato dello sviluppo delle statistiche.<\/p>\n\n\n\n<p>Peonia potrebbe essere tenuta a divulgare dati personali quando ci\u00f2 sia necessario per l&#8217;identificazione, l&#8217;arresto o il perseguimento di qualsiasi individuo che possa causare danno o violazione (intenzionale o meno) di diritti o propriet\u00e0 della Societ\u00e0, ad altri Utenti o a qualsiasi altro persona che rischia di essere penalizzata da tali attivit\u00e0.<\/p>\n\n\n\n<p>I tuoi Dati Personali costituiscono dati riservati e ci impegniamo a non divulgarli a terzi non autorizzati.<\/p>\n\n\n\n<h2 class=\"wp-block-heading\">Diritti sui dati personali<\/h2>\n\n\n\n<p>Ai sensi del Regolamento Europeo n. 2016\/679 sulla protezione dei dati personali, avete il diritto di accesso, rettifica, cancellazione e opposizione al trattamento dei dati che vi riguardano, nonch\u00e9 il diritto alla limitazione del loro trattamento, diritto alla portabilit\u00e0 dei tuoi dati, nonch\u00e9 il diritto di definire le direttive relative alla sorte dei tuoi dati in caso di morte.<\/p>\n\n\n\n<p>Tali diritti potranno essere esercitati in ogni momento alle condizioni normative applicabili e con le seguenti modalit\u00e0:<\/p>\n\n\n\n<ul class=\"wp-block-list\">\n<li>tramite posta al seguente indirizzo:<\/li>\n<\/ul>\n\n\n\n<p>La Peonia<br>153 rue de Billancourt<br>92100 Boulogne-Billancourt<\/p>\n\n\n\n<ul class=\"wp-block-list\">\n<li>via e-mail al seguente indirizzo: contact@restaurant-lapeonia.fr<\/li>\n<\/ul>\n\n\n\n<p>In caso di ragionevole dubbio, potrebbe esserti richiesta una prova della tua identit\u00e0.<\/p>\n\n\n\n<p>Prestiamo la massima attenzione ai tuoi dati personali, tuttavia se ritieni che il trattamento dei dati che ti riguardano violi i tuoi diritti, hai la possibilit\u00e0 di presentare un reclamo alla&nbsp;Commission Nationale de l&#8217;Informatique et des Libert\u00e9s.<\/p>\n\n\n\n<h2 class=\"wp-block-heading\">Sicurezza dei dati personali<\/h2>\n\n\n\n<p>La Peonia e i suoi eventuali subappaltatori garantiscono di attuare misure tecniche e organizzative adeguate e ragionevoli per garantire la sicurezza dei Dati Personali adeguate al rischio.<\/p>\n\n\n\n<p>Le misure di sicurezza sono implementate in conformit\u00e0 con la Politica di Sicurezza dei Sistemi Informativi di La Peonia (PSSI).<\/p>\n\n\n\n<h2 class=\"wp-block-heading\">Subappaltatori e partner<\/h2>\n\n\n\n<p>La Peonia si impegna a sottoporre ciascuno dei suoi subappaltatori ad obblighi altrettanto rigorosi quanto quelli che attua per garantire la sicurezza dei tuoi Dati Personali e la protezione della tua privacy.<\/p>\n\n\n\n<p>La Peonia si impegna inoltre a selezionare solo partner che rispettino la normativa in materia di protezione dei Dati Personali.<\/p>\n\n\n\n<p>Aggiornato: 07\/09\/2024<\/p>\n","protected":false},"excerpt":{"rendered":"<p>Finalit\u00e0 del trattamento I dati personali raccolti sul sito https:\/\/www.restaurant-lapeonia.fr ti consentono di gestire i tuoi contatti con La Peonia, titolare del trattamento. In una logica di rispetto della vita [&hellip;]<\/p>\n","protected":false},"author":1,"featured_media":0,"parent":0,"menu_order":0,"comment_status":"closed","ping_status":"closed","template":"","meta":{"_acf_changed":false,"inline_featured_image":false,"footnotes":""},"class_list":["post-318","page","type-page","status-publish","hentry"],"acf":[],"yoast_head":"<!-- This site is optimized with the Yoast SEO plugin v25.0 - https:\/\/yoast.com\/wordpress\/plugins\/seo\/ -->\n<title>Politica sulla riservatezza - Ristorante La Peonia<\/title>\n<meta name=\"robots\" content=\"index, follow, max-snippet:-1, max-image-preview:large, max-video-preview:-1\" \/>\n<link rel=\"canonical\" href=\"https:\/\/www.restaurantlapeonia.fr\/it\/politica-sulla-riservatezza\/\" \/>\n<meta property=\"og:locale\" content=\"it_IT\" \/>\n<meta property=\"og:type\" content=\"article\" \/>\n<meta property=\"og:title\" content=\"Politica sulla riservatezza - Ristorante La Peonia\" \/>\n<meta property=\"og:description\" content=\"Finalit\u00e0 del trattamento I dati personali raccolti sul sito https:\/\/www.restaurant-lapeonia.fr ti consentono di gestire i tuoi contatti con La Peonia, titolare del trattamento. In una logica di rispetto della vita [&hellip;]\" \/>\n<meta property=\"og:url\" content=\"https:\/\/www.restaurantlapeonia.fr\/it\/politica-sulla-riservatezza\/\" \/>\n<meta property=\"og:site_name\" content=\"Ristorante La Peonia\" \/>\n<meta property=\"article:modified_time\" content=\"2024-07-18T21:15:22+00:00\" \/>\n<meta name=\"twitter:card\" content=\"summary_large_image\" \/>\n<meta name=\"twitter:label1\" content=\"Tempo di lettura stimato\" \/>\n\t<meta name=\"twitter:data1\" content=\"3 minuti\" \/>\n<script type=\"application\/ld+json\" class=\"yoast-schema-graph\">{\"@context\":\"https:\/\/schema.org\",\"@graph\":[{\"@type\":\"WebPage\",\"@id\":\"https:\/\/www.restaurantlapeonia.fr\/it\/politica-sulla-riservatezza\/\",\"url\":\"https:\/\/www.restaurantlapeonia.fr\/it\/politica-sulla-riservatezza\/\",\"name\":\"Politica sulla riservatezza - Ristorante La Peonia\",\"isPartOf\":{\"@id\":\"https:\/\/www.restaurantlapeonia.fr\/it\/#website\"},\"datePublished\":\"2024-07-04T11:13:00+00:00\",\"dateModified\":\"2024-07-18T21:15:22+00:00\",\"breadcrumb\":{\"@id\":\"https:\/\/www.restaurantlapeonia.fr\/it\/politica-sulla-riservatezza\/#breadcrumb\"},\"inLanguage\":\"it-IT\",\"potentialAction\":[{\"@type\":\"ReadAction\",\"target\":[\"https:\/\/www.restaurantlapeonia.fr\/it\/politica-sulla-riservatezza\/\"]}]},{\"@type\":\"BreadcrumbList\",\"@id\":\"https:\/\/www.restaurantlapeonia.fr\/it\/politica-sulla-riservatezza\/#breadcrumb\",\"itemListElement\":[{\"@type\":\"ListItem\",\"position\":1,\"name\":\"Accueil\",\"item\":\"https:\/\/www.restaurantlapeonia.fr\/it\/\"},{\"@type\":\"ListItem\",\"position\":2,\"name\":\"Politica sulla riservatezza\"}]},{\"@type\":\"WebSite\",\"@id\":\"https:\/\/www.restaurantlapeonia.fr\/it\/#website\",\"url\":\"https:\/\/www.restaurantlapeonia.fr\/it\/\",\"name\":\"Restaurant La Peonia\",\"description\":\"Italiano ristorante al Boulogne-Billancourt\",\"publisher\":{\"@id\":\"https:\/\/www.restaurantlapeonia.fr\/it\/#organization\"},\"potentialAction\":[{\"@type\":\"SearchAction\",\"target\":{\"@type\":\"EntryPoint\",\"urlTemplate\":\"https:\/\/www.restaurantlapeonia.fr\/it\/?s={search_term_string}\"},\"query-input\":{\"@type\":\"PropertyValueSpecification\",\"valueRequired\":true,\"valueName\":\"search_term_string\"}}],\"inLanguage\":\"it-IT\"},{\"@type\":\"Organization\",\"@id\":\"https:\/\/www.restaurantlapeonia.fr\/it\/#organization\",\"name\":\"Restaurant La Peonia\",\"url\":\"https:\/\/www.restaurantlapeonia.fr\/it\/\",\"logo\":{\"@type\":\"ImageObject\",\"inLanguage\":\"it-IT\",\"@id\":\"https:\/\/www.restaurantlapeonia.fr\/it\/#\/schema\/logo\/image\/\",\"url\":\"https:\/\/www.restaurantlapeonia.fr\/wp-content\/uploads\/2024\/07\/logo.png\",\"contentUrl\":\"https:\/\/www.restaurantlapeonia.fr\/wp-content\/uploads\/2024\/07\/logo.png\",\"width\":671,\"height\":251,\"caption\":\"Restaurant La Peonia\"},\"image\":{\"@id\":\"https:\/\/www.restaurantlapeonia.fr\/it\/#\/schema\/logo\/image\/\"}}]}<\/script>\n<!-- \/ Yoast SEO plugin. -->","yoast_head_json":{"title":"Politica sulla riservatezza - Ristorante La Peonia","robots":{"index":"index","follow":"follow","max-snippet":"max-snippet:-1","max-image-preview":"max-image-preview:large","max-video-preview":"max-video-preview:-1"},"canonical":"https:\/\/www.restaurantlapeonia.fr\/it\/politica-sulla-riservatezza\/","og_locale":"it_IT","og_type":"article","og_title":"Politica sulla riservatezza - Ristorante La Peonia","og_description":"Finalit\u00e0 del trattamento I dati personali raccolti sul sito https:\/\/www.restaurant-lapeonia.fr ti consentono di gestire i tuoi contatti con La Peonia, titolare del trattamento. In una logica di rispetto della vita [&hellip;]","og_url":"https:\/\/www.restaurantlapeonia.fr\/it\/politica-sulla-riservatezza\/","og_site_name":"Ristorante La Peonia","article_modified_time":"2024-07-18T21:15:22+00:00","twitter_card":"summary_large_image","twitter_misc":{"Tempo di lettura stimato":"3 minuti"},"schema":{"@context":"https:\/\/schema.org","@graph":[{"@type":"WebPage","@id":"https:\/\/www.restaurantlapeonia.fr\/it\/politica-sulla-riservatezza\/","url":"https:\/\/www.restaurantlapeonia.fr\/it\/politica-sulla-riservatezza\/","name":"Politica sulla riservatezza - Ristorante La Peonia","isPartOf":{"@id":"https:\/\/www.restaurantlapeonia.fr\/it\/#website"},"datePublished":"2024-07-04T11:13:00+00:00","dateModified":"2024-07-18T21:15:22+00:00","breadcrumb":{"@id":"https:\/\/www.restaurantlapeonia.fr\/it\/politica-sulla-riservatezza\/#breadcrumb"},"inLanguage":"it-IT","potentialAction":[{"@type":"ReadAction","target":["https:\/\/www.restaurantlapeonia.fr\/it\/politica-sulla-riservatezza\/"]}]},{"@type":"BreadcrumbList","@id":"https:\/\/www.restaurantlapeonia.fr\/it\/politica-sulla-riservatezza\/#breadcrumb","itemListElement":[{"@type":"ListItem","position":1,"name":"Accueil","item":"https:\/\/www.restaurantlapeonia.fr\/it\/"},{"@type":"ListItem","position":2,"name":"Politica sulla riservatezza"}]},{"@type":"WebSite","@id":"https:\/\/www.restaurantlapeonia.fr\/it\/#website","url":"https:\/\/www.restaurantlapeonia.fr\/it\/","name":"Restaurant La Peonia","description":"Italiano ristorante al Boulogne-Billancourt","publisher":{"@id":"https:\/\/www.restaurantlapeonia.fr\/it\/#organization"},"potentialAction":[{"@type":"SearchAction","target":{"@type":"EntryPoint","urlTemplate":"https:\/\/www.restaurantlapeonia.fr\/it\/?s={search_term_string}"},"query-input":{"@type":"PropertyValueSpecification","valueRequired":true,"valueName":"search_term_string"}}],"inLanguage":"it-IT"},{"@type":"Organization","@id":"https:\/\/www.restaurantlapeonia.fr\/it\/#organization","name":"Restaurant La Peonia","url":"https:\/\/www.restaurantlapeonia.fr\/it\/","logo":{"@type":"ImageObject","inLanguage":"it-IT","@id":"https:\/\/www.restaurantlapeonia.fr\/it\/#\/schema\/logo\/image\/","url":"https:\/\/www.restaurantlapeonia.fr\/wp-content\/uploads\/2024\/07\/logo.png","contentUrl":"https:\/\/www.restaurantlapeonia.fr\/wp-content\/uploads\/2024\/07\/logo.png","width":671,"height":251,"caption":"Restaurant La Peonia"},"image":{"@id":"https:\/\/www.restaurantlapeonia.fr\/it\/#\/schema\/logo\/image\/"}}]}},"_links":{"self":[{"href":"https:\/\/www.restaurantlapeonia.fr\/it\/wp-json\/wp\/v2\/pages\/318","targetHints":{"allow":["GET"]}}],"collection":[{"href":"https:\/\/www.restaurantlapeonia.fr\/it\/wp-json\/wp\/v2\/pages"}],"about":[{"href":"https:\/\/www.restaurantlapeonia.fr\/it\/wp-json\/wp\/v2\/types\/page"}],"author":[{"embeddable":true,"href":"https:\/\/www.restaurantlapeonia.fr\/it\/wp-json\/wp\/v2\/users\/1"}],"replies":[{"embeddable":true,"href":"https:\/\/www.restaurantlapeonia.fr\/it\/wp-json\/wp\/v2\/comments?post=318"}],"version-history":[{"count":1,"href":"https:\/\/www.restaurantlapeonia.fr\/it\/wp-json\/wp\/v2\/pages\/318\/revisions"}],"predecessor-version":[{"id":319,"href":"https:\/\/www.restaurantlapeonia.fr\/it\/wp-json\/wp\/v2\/pages\/318\/revisions\/319"}],"wp:attachment":[{"href":"https:\/\/www.restaurantlapeonia.fr\/it\/wp-json\/wp\/v2\/media?parent=318"}],"curies":[{"name":"wp","href":"https:\/\/api.w.org\/{rel}","templated":true}]}}