{"id":297,"date":"2024-07-04T10:54:00","date_gmt":"2024-07-04T08:54:00","guid":{"rendered":"https:\/\/www.restaurantlapeonia.fr\/les-specialites\/"},"modified":"2024-07-24T01:45:56","modified_gmt":"2024-07-23T23:45:56","slug":"le-specialita","status":"publish","type":"page","link":"https:\/\/www.restaurantlapeonia.fr\/it\/le-specialita\/","title":{"rendered":"Le sp\u00e9cialit\u00e0"},"content":{"rendered":"\n<p>La Peonia propone delle specialit\u00e0 Italiane, ma anche delle ricette tipiche sarde! Tra gli ingredient pi\u00f9 utilizzati dalla casa ritroviamo gli affettati italiani, i formaggi<\/p>\n\n\n\n<p>italiani e sardi, i prodotti del mare (tra i quali la Bottarga di Sardegna), le paste (tra le quali la Fregola e i Malloreddus, tipiche sarde) e tante altre specialita..!<\/p>\n\n\n\n<div class=\"wp-block-cover\"><span aria-hidden=\"true\" class=\"wp-block-cover__background has-noir-background-color has-background-dim\"><\/span><img loading=\"lazy\" decoding=\"async\" width=\"1920\" height=\"1280\" class=\"wp-block-cover__image-background wp-image-278\" alt=\"\" src=\"https:\/\/www.restaurantlapeonia.fr\/wp-content\/uploads\/2024\/07\/carousel-2.webp\" data-object-fit=\"cover\" srcset=\"https:\/\/www.restaurantlapeonia.fr\/wp-content\/uploads\/2024\/07\/carousel-2.webp 1920w, https:\/\/www.restaurantlapeonia.fr\/wp-content\/uploads\/2024\/07\/carousel-2-300x200.webp 300w, https:\/\/www.restaurantlapeonia.fr\/wp-content\/uploads\/2024\/07\/carousel-2-1024x683.webp 1024w, https:\/\/www.restaurantlapeonia.fr\/wp-content\/uploads\/2024\/07\/carousel-2-768x512.webp 768w, https:\/\/www.restaurantlapeonia.fr\/wp-content\/uploads\/2024\/07\/carousel-2-1536x1024.webp 1536w\" sizes=\"auto, (max-width: 1920px) 100vw, 1920px\" \/><div class=\"wp-block-cover__inner-container has-global-padding is-layout-constrained wp-block-cover-is-layout-constrained\">\n<p class=\"has-text-align-center has-large-font-size\">Pappardelle \u00e0 la bresaola<\/p>\n<\/div><\/div>\n\n\n\n<div style=\"height:30px\" aria-hidden=\"true\" class=\"wp-block-spacer\"><\/div>\n\n\n\n<div class=\"wp-block-columns is-layout-flex wp-container-core-columns-is-layout-9d6595d7 wp-block-columns-is-layout-flex\">\n<div class=\"wp-block-column is-layout-flow wp-block-column-is-layout-flow\" style=\"flex-basis:33.33%\">\n<div class=\"wp-block-cover\" style=\"min-height:251px;aspect-ratio:unset;\"><span aria-hidden=\"true\" class=\"wp-block-cover__background has-background-dim\"><\/span><img loading=\"lazy\" decoding=\"async\" width=\"592\" height=\"1024\" class=\"wp-block-cover__image-background wp-image-187\" alt=\"\" src=\"https:\/\/www.restaurantlapeonia.fr\/wp-content\/uploads\/2024\/07\/dscf3831-copie-592x1024.webp\" data-object-fit=\"cover\" srcset=\"https:\/\/www.restaurantlapeonia.fr\/wp-content\/uploads\/2024\/07\/dscf3831-copie-592x1024.webp 592w, https:\/\/www.restaurantlapeonia.fr\/wp-content\/uploads\/2024\/07\/dscf3831-copie-173x300.webp 173w, https:\/\/www.restaurantlapeonia.fr\/wp-content\/uploads\/2024\/07\/dscf3831-copie-768x1329.webp 768w, https:\/\/www.restaurantlapeonia.fr\/wp-content\/uploads\/2024\/07\/dscf3831-copie.webp 867w\" sizes=\"auto, (max-width: 592px) 100vw, 592px\" \/><div class=\"wp-block-cover__inner-container is-layout-flow wp-block-cover-is-layout-flow\">\n<p class=\"has-text-align-center has-large-font-size\"><\/p>\n<\/div><\/div>\n<\/div>\n\n\n\n<div class=\"wp-block-column is-layout-flow wp-block-column-is-layout-flow\" style=\"flex-basis:66.66%\">\n<p>I piatti di punta della Peonia sono : Le pappardelle alla Bresaola, le linguine vongole e bottarga, la pizza sarda, la zuppetta di calamari e vongole, la fregola con I gamberi e la bottarga, l&#8217;insalata di carciofi con I gamberi o con lo speck, il tiramis\u00f9, la panna cotta, la torta al limone&#8230;troverete <a href=\"https:\/\/www.restaurantlapeonia.fr\/it\/il-menu\/\" data-type=\"page\" data-id=\"287\">tutto nel Menu<\/a>.<\/p>\n<\/div>\n<\/div>\n","protected":false},"excerpt":{"rendered":"<p>La Peonia propone delle specialit\u00e0 Italiane, ma anche delle ricette tipiche sarde! Tra gli ingredient pi\u00f9 utilizzati dalla casa ritroviamo gli affettati italiani, i formaggi italiani e sardi, i prodotti [&hellip;]<\/p>\n","protected":false},"author":1,"featured_media":298,"parent":0,"menu_order":0,"comment_status":"closed","ping_status":"closed","template":"","meta":{"_acf_changed":false,"inline_featured_image":false,"footnotes":""},"class_list":["post-297","page","type-page","status-publish","has-post-thumbnail","hentry"],"acf":[],"yoast_head":"<!-- This site is optimized with the Yoast SEO plugin v25.0 - https:\/\/yoast.com\/wordpress\/plugins\/seo\/ -->\n<title>Le sp\u00e9cialit\u00e0 - Ristorante La Peonia<\/title>\n<meta name=\"robots\" content=\"index, follow, max-snippet:-1, max-image-preview:large, max-video-preview:-1\" \/>\n<link rel=\"canonical\" href=\"https:\/\/www.restaurantlapeonia.fr\/it\/le-specialita\/\" \/>\n<meta property=\"og:locale\" content=\"it_IT\" \/>\n<meta property=\"og:type\" content=\"article\" \/>\n<meta property=\"og:title\" content=\"Le sp\u00e9cialit\u00e0 - Ristorante La Peonia\" \/>\n<meta property=\"og:description\" content=\"La Peonia propone delle specialit\u00e0 Italiane, ma anche delle ricette tipiche sarde! Tra gli ingredient pi\u00f9 utilizzati dalla casa ritroviamo gli affettati italiani, i formaggi italiani e sardi, i prodotti [&hellip;]\" \/>\n<meta property=\"og:url\" content=\"https:\/\/www.restaurantlapeonia.fr\/it\/le-specialita\/\" \/>\n<meta property=\"og:site_name\" content=\"Ristorante La Peonia\" \/>\n<meta property=\"article:modified_time\" content=\"2024-07-23T23:45:56+00:00\" \/>\n<meta property=\"og:image\" content=\"https:\/\/www.restaurantlapeonia.fr\/wp-content\/uploads\/2024\/07\/specialites.webp\" \/>\n\t<meta property=\"og:image:width\" content=\"1920\" \/>\n\t<meta property=\"og:image:height\" content=\"1280\" \/>\n\t<meta property=\"og:image:type\" content=\"image\/webp\" \/>\n<meta name=\"twitter:card\" content=\"summary_large_image\" \/>\n<meta name=\"twitter:label1\" content=\"Tempo di lettura stimato\" \/>\n\t<meta name=\"twitter:data1\" content=\"1 minuto\" \/>\n<script type=\"application\/ld+json\" class=\"yoast-schema-graph\">{\"@context\":\"https:\/\/schema.org\",\"@graph\":[{\"@type\":\"WebPage\",\"@id\":\"https:\/\/www.restaurantlapeonia.fr\/it\/le-specialita\/\",\"url\":\"https:\/\/www.restaurantlapeonia.fr\/it\/le-specialita\/\",\"name\":\"Le sp\u00e9cialit\u00e0 - Ristorante La Peonia\",\"isPartOf\":{\"@id\":\"https:\/\/www.restaurantlapeonia.fr\/it\/#website\"},\"primaryImageOfPage\":{\"@id\":\"https:\/\/www.restaurantlapeonia.fr\/it\/le-specialita\/#primaryimage\"},\"image\":{\"@id\":\"https:\/\/www.restaurantlapeonia.fr\/it\/le-specialita\/#primaryimage\"},\"thumbnailUrl\":\"https:\/\/www.restaurantlapeonia.fr\/wp-content\/uploads\/2024\/07\/specialites.webp\",\"datePublished\":\"2024-07-04T08:54:00+00:00\",\"dateModified\":\"2024-07-23T23:45:56+00:00\",\"breadcrumb\":{\"@id\":\"https:\/\/www.restaurantlapeonia.fr\/it\/le-specialita\/#breadcrumb\"},\"inLanguage\":\"it-IT\",\"potentialAction\":[{\"@type\":\"ReadAction\",\"target\":[\"https:\/\/www.restaurantlapeonia.fr\/it\/le-specialita\/\"]}]},{\"@type\":\"ImageObject\",\"inLanguage\":\"it-IT\",\"@id\":\"https:\/\/www.restaurantlapeonia.fr\/it\/le-specialita\/#primaryimage\",\"url\":\"https:\/\/www.restaurantlapeonia.fr\/wp-content\/uploads\/2024\/07\/specialites.webp\",\"contentUrl\":\"https:\/\/www.restaurantlapeonia.fr\/wp-content\/uploads\/2024\/07\/specialites.webp\",\"width\":1920,\"height\":1280},{\"@type\":\"BreadcrumbList\",\"@id\":\"https:\/\/www.restaurantlapeonia.fr\/it\/le-specialita\/#breadcrumb\",\"itemListElement\":[{\"@type\":\"ListItem\",\"position\":1,\"name\":\"Accueil\",\"item\":\"https:\/\/www.restaurantlapeonia.fr\/it\/\"},{\"@type\":\"ListItem\",\"position\":2,\"name\":\"Le sp\u00e9cialit\u00e0\"}]},{\"@type\":\"WebSite\",\"@id\":\"https:\/\/www.restaurantlapeonia.fr\/it\/#website\",\"url\":\"https:\/\/www.restaurantlapeonia.fr\/it\/\",\"name\":\"Restaurant La Peonia\",\"description\":\"Italiano ristorante al Boulogne-Billancourt\",\"publisher\":{\"@id\":\"https:\/\/www.restaurantlapeonia.fr\/it\/#organization\"},\"potentialAction\":[{\"@type\":\"SearchAction\",\"target\":{\"@type\":\"EntryPoint\",\"urlTemplate\":\"https:\/\/www.restaurantlapeonia.fr\/it\/?s={search_term_string}\"},\"query-input\":{\"@type\":\"PropertyValueSpecification\",\"valueRequired\":true,\"valueName\":\"search_term_string\"}}],\"inLanguage\":\"it-IT\"},{\"@type\":\"Organization\",\"@id\":\"https:\/\/www.restaurantlapeonia.fr\/it\/#organization\",\"name\":\"Restaurant La Peonia\",\"url\":\"https:\/\/www.restaurantlapeonia.fr\/it\/\",\"logo\":{\"@type\":\"ImageObject\",\"inLanguage\":\"it-IT\",\"@id\":\"https:\/\/www.restaurantlapeonia.fr\/it\/#\/schema\/logo\/image\/\",\"url\":\"https:\/\/www.restaurantlapeonia.fr\/wp-content\/uploads\/2024\/07\/logo.png\",\"contentUrl\":\"https:\/\/www.restaurantlapeonia.fr\/wp-content\/uploads\/2024\/07\/logo.png\",\"width\":671,\"height\":251,\"caption\":\"Restaurant La Peonia\"},\"image\":{\"@id\":\"https:\/\/www.restaurantlapeonia.fr\/it\/#\/schema\/logo\/image\/\"}}]}<\/script>\n<!-- \/ Yoast SEO plugin. -->","yoast_head_json":{"title":"Le sp\u00e9cialit\u00e0 - Ristorante La Peonia","robots":{"index":"index","follow":"follow","max-snippet":"max-snippet:-1","max-image-preview":"max-image-preview:large","max-video-preview":"max-video-preview:-1"},"canonical":"https:\/\/www.restaurantlapeonia.fr\/it\/le-specialita\/","og_locale":"it_IT","og_type":"article","og_title":"Le sp\u00e9cialit\u00e0 - Ristorante La Peonia","og_description":"La Peonia propone delle specialit\u00e0 Italiane, ma anche delle ricette tipiche sarde! Tra gli ingredient pi\u00f9 utilizzati dalla casa ritroviamo gli affettati italiani, i formaggi italiani e sardi, i prodotti [&hellip;]","og_url":"https:\/\/www.restaurantlapeonia.fr\/it\/le-specialita\/","og_site_name":"Ristorante La Peonia","article_modified_time":"2024-07-23T23:45:56+00:00","og_image":[{"width":1920,"height":1280,"url":"https:\/\/www.restaurantlapeonia.fr\/wp-content\/uploads\/2024\/07\/specialites.webp","type":"image\/webp"}],"twitter_card":"summary_large_image","twitter_misc":{"Tempo di lettura stimato":"1 minuto"},"schema":{"@context":"https:\/\/schema.org","@graph":[{"@type":"WebPage","@id":"https:\/\/www.restaurantlapeonia.fr\/it\/le-specialita\/","url":"https:\/\/www.restaurantlapeonia.fr\/it\/le-specialita\/","name":"Le sp\u00e9cialit\u00e0 - Ristorante La Peonia","isPartOf":{"@id":"https:\/\/www.restaurantlapeonia.fr\/it\/#website"},"primaryImageOfPage":{"@id":"https:\/\/www.restaurantlapeonia.fr\/it\/le-specialita\/#primaryimage"},"image":{"@id":"https:\/\/www.restaurantlapeonia.fr\/it\/le-specialita\/#primaryimage"},"thumbnailUrl":"https:\/\/www.restaurantlapeonia.fr\/wp-content\/uploads\/2024\/07\/specialites.webp","datePublished":"2024-07-04T08:54:00+00:00","dateModified":"2024-07-23T23:45:56+00:00","breadcrumb":{"@id":"https:\/\/www.restaurantlapeonia.fr\/it\/le-specialita\/#breadcrumb"},"inLanguage":"it-IT","potentialAction":[{"@type":"ReadAction","target":["https:\/\/www.restaurantlapeonia.fr\/it\/le-specialita\/"]}]},{"@type":"ImageObject","inLanguage":"it-IT","@id":"https:\/\/www.restaurantlapeonia.fr\/it\/le-specialita\/#primaryimage","url":"https:\/\/www.restaurantlapeonia.fr\/wp-content\/uploads\/2024\/07\/specialites.webp","contentUrl":"https:\/\/www.restaurantlapeonia.fr\/wp-content\/uploads\/2024\/07\/specialites.webp","width":1920,"height":1280},{"@type":"BreadcrumbList","@id":"https:\/\/www.restaurantlapeonia.fr\/it\/le-specialita\/#breadcrumb","itemListElement":[{"@type":"ListItem","position":1,"name":"Accueil","item":"https:\/\/www.restaurantlapeonia.fr\/it\/"},{"@type":"ListItem","position":2,"name":"Le sp\u00e9cialit\u00e0"}]},{"@type":"WebSite","@id":"https:\/\/www.restaurantlapeonia.fr\/it\/#website","url":"https:\/\/www.restaurantlapeonia.fr\/it\/","name":"Restaurant La Peonia","description":"Italiano ristorante al Boulogne-Billancourt","publisher":{"@id":"https:\/\/www.restaurantlapeonia.fr\/it\/#organization"},"potentialAction":[{"@type":"SearchAction","target":{"@type":"EntryPoint","urlTemplate":"https:\/\/www.restaurantlapeonia.fr\/it\/?s={search_term_string}"},"query-input":{"@type":"PropertyValueSpecification","valueRequired":true,"valueName":"search_term_string"}}],"inLanguage":"it-IT"},{"@type":"Organization","@id":"https:\/\/www.restaurantlapeonia.fr\/it\/#organization","name":"Restaurant La Peonia","url":"https:\/\/www.restaurantlapeonia.fr\/it\/","logo":{"@type":"ImageObject","inLanguage":"it-IT","@id":"https:\/\/www.restaurantlapeonia.fr\/it\/#\/schema\/logo\/image\/","url":"https:\/\/www.restaurantlapeonia.fr\/wp-content\/uploads\/2024\/07\/logo.png","contentUrl":"https:\/\/www.restaurantlapeonia.fr\/wp-content\/uploads\/2024\/07\/logo.png","width":671,"height":251,"caption":"Restaurant La Peonia"},"image":{"@id":"https:\/\/www.restaurantlapeonia.fr\/it\/#\/schema\/logo\/image\/"}}]}},"_links":{"self":[{"href":"https:\/\/www.restaurantlapeonia.fr\/it\/wp-json\/wp\/v2\/pages\/297","targetHints":{"allow":["GET"]}}],"collection":[{"href":"https:\/\/www.restaurantlapeonia.fr\/it\/wp-json\/wp\/v2\/pages"}],"about":[{"href":"https:\/\/www.restaurantlapeonia.fr\/it\/wp-json\/wp\/v2\/types\/page"}],"author":[{"embeddable":true,"href":"https:\/\/www.restaurantlapeonia.fr\/it\/wp-json\/wp\/v2\/users\/1"}],"replies":[{"embeddable":true,"href":"https:\/\/www.restaurantlapeonia.fr\/it\/wp-json\/wp\/v2\/comments?post=297"}],"version-history":[{"count":4,"href":"https:\/\/www.restaurantlapeonia.fr\/it\/wp-json\/wp\/v2\/pages\/297\/revisions"}],"predecessor-version":[{"id":501,"href":"https:\/\/www.restaurantlapeonia.fr\/it\/wp-json\/wp\/v2\/pages\/297\/revisions\/501"}],"wp:featuredmedia":[{"embeddable":true,"href":"https:\/\/www.restaurantlapeonia.fr\/it\/wp-json\/wp\/v2\/media\/298"}],"wp:attachment":[{"href":"https:\/\/www.restaurantlapeonia.fr\/it\/wp-json\/wp\/v2\/media?parent=297"}],"curies":[{"name":"wp","href":"https:\/\/api.w.org\/{rel}","templated":true}]}}